{"id":836,"date":"2019-08-01T15:29:27","date_gmt":"2019-08-01T15:29:27","guid":{"rendered":"http:\/\/laciblerh.ca\/contact\/"},"modified":"2019-08-01T22:14:11","modified_gmt":"2019-08-01T22:14:11","slug":"contact","status":"publish","type":"page","link":"https:\/\/laciblerh.ca\/en\/contact\/","title":{"rendered":"Contact"},"content":{"rendered":"<p>[et_pb_section fb_built=&#8221;1&#8243; _builder_version=&#8221;3.26.5&#8243; background_image=&#8221;http:\/\/laciblerh.ca\/wp-content\/uploads\/2019\/07\/slideropacite.jpg&#8221; parallax=&#8221;on&#8221; custom_margin=&#8221;||0px||false|false&#8221; custom_padding=&#8221;||0px||false|false&#8221;][et_pb_row _builder_version=&#8221;3.25.4&#8243;][et_pb_column type=&#8221;4_4&#8243; _builder_version=&#8221;3.25.4&#8243;][et_pb_text _builder_version=&#8221;3.26.6&#8243; text_font=&#8221;||||||||&#8221; header_font=&#8221;|300|||||||&#8221; header_text_color=&#8221;#000000&#8243; header_font_size=&#8221;70px&#8221; header_2_text_color=&#8221;#000000&#8243; header_2_font_size=&#8221;40px&#8221; custom_margin=&#8221;||0px||false|false&#8221; custom_margin_last_edited=&#8221;on|desktop&#8221; custom_padding=&#8221;||0px||false|false&#8221; header_font_size_tablet=&#8221;60px&#8221; header_font_size_phone=&#8221;50px&#8221; header_font_size_last_edited=&#8221;on|desktop&#8221;]<\/p>\n<h2>US<\/h2>\n<p>[\/et_pb_text][et_pb_text _builder_version=&#8221;3.26.6&#8243; text_font=&#8221;||||||||&#8221; header_font=&#8221;|800|||||||&#8221; header_text_color=&#8221;#000000&#8243; header_font_size=&#8221;60px&#8221; header_line_height=&#8221;1.2em&#8221; header_2_font=&#8221;||||||||&#8221; min_height=&#8221;95px&#8221; custom_margin=&#8221;||||false|false&#8221; custom_margin_last_edited=&#8221;on|desktop&#8221; header_font_size_tablet=&#8221;40px&#8221; header_font_size_phone=&#8221;50px&#8221; header_font_size_last_edited=&#8221;on|tablet&#8221;]<\/p>\n<h1>CONTACT<\/h1>\n<p>[\/et_pb_text][\/et_pb_column][\/et_pb_row][\/et_pb_section][et_pb_section fb_built=&#8221;1&#8243; _builder_version=&#8221;3.25.4&#8243;][et_pb_row column_structure=&#8221;1_2,1_2&#8243; _builder_version=&#8221;3.25.4&#8243; custom_padding=&#8221;0px||0px||true&#8221;][et_pb_column type=&#8221;1_2&#8243; _builder_version=&#8221;3.25.4&#8243;][et_pb_text _builder_version=&#8221;3.26.6&#8243; text_font=&#8221;|700|||||||&#8221; text_font_size=&#8221;16px&#8221; text_line_height=&#8221;1.4em&#8221; header_font=&#8221;|700|||||||&#8221; header_text_color=&#8221;#eb2135&#8243; header_font_size=&#8221;40px&#8221; header_2_font=&#8221;|700|||||||&#8221; header_2_text_color=&#8221;#eb2135&#8243; header_3_font=&#8221;|600|||||||&#8221; header_3_text_color=&#8221;#000000&#8243;]<\/p>\n<h2>Grand Montr\u00e9al<\/h2>\n<p>740, rue Saint-Maurice, Suite 600<br \/>\nMontr\u00e9al (Qu\u00e9bec) H3C 1L5[\/et_pb_text][dsm_embed_google_map address=&#8221;740, rue Saint-Maurice, Suite 600 Montr\u00e9al (Qu\u00e9bec) H3C 1L5&#8243; zoom=&#8221;13px&#8221; _builder_version=&#8221;3.25.4&#8243;][\/dsm_embed_google_map][\/et_pb_column][et_pb_column type=&#8221;1_2&#8243; _builder_version=&#8221;3.25.4&#8243;][et_pb_text _builder_version=&#8221;3.26.6&#8243; text_font=&#8221;|700|||||||&#8221; text_font_size=&#8221;16px&#8221; text_line_height=&#8221;1.4em&#8221; header_font=&#8221;|700|||||||&#8221; header_text_color=&#8221;#eb2135&#8243; header_font_size=&#8221;40px&#8221; header_2_font=&#8221;|700|||||||&#8221; header_3_font=&#8221;|600|||||||&#8221; header_3_text_color=&#8221;#000000&#8243;]<\/p>\n<h2>Capitale Nationale<\/h2>\n<p>801, Grande All\u00e9e E., Suite 105<br \/>\nQu\u00e9bec (Qu\u00e9bec) G1S 1C1[\/et_pb_text][dsm_embed_google_map address=&#8221;801, Grande All\u00e9e E., Suite 105 Qu\u00e9bec (Qu\u00e9bec) G1S 1C1&#8243; zoom=&#8221;13px&#8221; _builder_version=&#8221;3.25.4&#8243;][\/dsm_embed_google_map][\/et_pb_column][\/et_pb_row][\/et_pb_section]<\/p>\n","protected":false},"excerpt":{"rendered":"<p>USCONTACTGrand Montr\u00e9al 740, rue Saint-Maurice, Suite 600 Montr\u00e9al (Qu\u00e9bec) H3C 1L5<div class=\"et_pb_module dsm_embed_google_map dsm_embed_google_map_0\">\n\t\t\t\t\n\t\t\t\t\n\t\t\t\t\n\t\t\t\t\n\t\t\t\t\n\t\t\t\t\n\t\t\t\t<div class=\"et_pb_module_inner\">\n\t\t\t\t\t<iframe frameborder=\"0\" scrolling=\"no\" marginheight=\"0\" marginwidth=\"0\" src=\"https:\/\/maps.google.com\/maps?q=740%2C%20rue%20Saint-Maurice%2C%20Suite%20600%20Montr%C3%A9al%20%28Qu%C3%A9bec%29%20H3C%201L5&amp;t=m&amp;z=13&amp;output=embed&amp;iwloc=near&hl=en_US\" aria-label=\"740, rue Saint-Maurice, Suite 600 Montr\u00e9al (Qu\u00e9bec) H3C 1L5\"><\/iframe>\n\t\t\t\t<\/div>\n\t\t\t<\/div>Capitale Nationale 801, Grande All\u00e9e E., Suite 105 Qu\u00e9bec (Qu\u00e9bec) G1S 1C1<div class=\"et_pb_module dsm_embed_google_map dsm_embed_google_map_1\">\n\t\t\t\t\n\t\t\t\t\n\t\t\t\t\n\t\t\t\t\n\t\t\t\t\n\t\t\t\t\n\t\t\t\t<div class=\"et_pb_module_inner\">\n\t\t\t\t\t<iframe frameborder=\"0\" scrolling=\"no\" marginheight=\"0\" marginwidth=\"0\" src=\"https:\/\/maps.google.com\/maps?q=801%2C%20Grande%20All%C3%A9e%20E.%2C%20Suite%20105%20Qu%C3%A9bec%20%28Qu%C3%A9bec%29%20G1S%201C1&amp;t=m&amp;z=13&amp;output=embed&amp;iwloc=near&hl=en_US\" aria-label=\"801, Grande All\u00e9e E., Suite 105 Qu\u00e9bec (Qu\u00e9bec) G1S 1C1\"><\/iframe>\n\t\t\t\t<\/div>\n\t\t\t<\/div><\/p>\n","protected":false},"author":2,"featured_media":0,"parent":0,"menu_order":0,"comment_status":"closed","ping_status":"closed","template":"","meta":{"_et_pb_use_builder":"on","_et_pb_old_content":"<!-- wp:divi\/placeholder \/-->","_et_gb_content_width":"","footnotes":""},"class_list":["post-836","page","type-page","status-publish","hentry"],"_links":{"self":[{"href":"https:\/\/laciblerh.ca\/en\/wp-json\/wp\/v2\/pages\/836","targetHints":{"allow":["GET"]}}],"collection":[{"href":"https:\/\/laciblerh.ca\/en\/wp-json\/wp\/v2\/pages"}],"about":[{"href":"https:\/\/laciblerh.ca\/en\/wp-json\/wp\/v2\/types\/page"}],"author":[{"embeddable":true,"href":"https:\/\/laciblerh.ca\/en\/wp-json\/wp\/v2\/users\/2"}],"replies":[{"embeddable":true,"href":"https:\/\/laciblerh.ca\/en\/wp-json\/wp\/v2\/comments?post=836"}],"version-history":[{"count":3,"href":"https:\/\/laciblerh.ca\/en\/wp-json\/wp\/v2\/pages\/836\/revisions"}],"predecessor-version":[{"id":896,"href":"https:\/\/laciblerh.ca\/en\/wp-json\/wp\/v2\/pages\/836\/revisions\/896"}],"wp:attachment":[{"href":"https:\/\/laciblerh.ca\/en\/wp-json\/wp\/v2\/media?parent=836"}],"curies":[{"name":"wp","href":"https:\/\/api.w.org\/{rel}","templated":true}]}}